{"id":2292,"date":"2024-01-08T19:30:59","date_gmt":"2024-01-08T19:30:59","guid":{"rendered":"https:\/\/gigante.website\/?page_id=2292"},"modified":"2024-07-02T18:55:16","modified_gmt":"2024-07-02T18:55:16","slug":"quem-somos","status":"publish","type":"page","link":"https:\/\/gigante.website\/es\/quem-somos\/","title":{"rendered":"Sobre"},"content":{"rendered":"<div data-elementor-type=\"wp-page\" data-elementor-id=\"2292\" class=\"elementor elementor-2292\">\n\t\t\t\t\t\t<section class=\"elementor-section elementor-top-section elementor-element elementor-element-4ac66e5 elementor-section-boxed elementor-section-height-default elementor-section-height-default exad-glass-effect-no exad-sticky-section-no\" data-id=\"4ac66e5\" data-element_type=\"section\" data-e-type=\"section\">\n\t\t\t\t\t\t<div class=\"elementor-container elementor-column-gap-default\">\n\t\t\t\t\t<div class=\"elementor-column elementor-col-100 elementor-top-column elementor-element elementor-element-0e19eb2 exad-glass-effect-no exad-sticky-section-no\" data-id=\"0e19eb2\" data-element_type=\"column\" data-e-type=\"column\">\n\t\t\t<div class=\"elementor-widget-wrap elementor-element-populated\">\n\t\t\t\t\t\t<div class=\"elementor-element elementor-element-390409f elementor-widget__width-initial exad-sticky-section-no exad-glass-effect-no elementor-widget elementor-widget-html\" data-id=\"390409f\" data-element_type=\"widget\" data-e-type=\"widget\" data-widget_type=\"html.default\">\n\t\t\t\t<div class=\"elementor-widget-container\">\n\t\t\t\t\t<style>\n    .about__title {\n        background: linear-gradient(120deg, #05bc9d,#05bc9d, #05bc9d,#05bc9d,#05bc9d,#05bc9d,#000000, #000000, #000000,#05bc9d,#05bc9d,#05bc9d,#05bc9d);\n    }\n    \n    .about__title {\n        background-clip: text;\n        webkit-background-clip: text;\n    }\n<\/style>\t\t\t\t<\/div>\n\t\t\t\t<\/div>\n\t\t\t\t<div class=\"elementor-element elementor-element-bd3668a about__title exad-sticky-section-no exad-glass-effect-no elementor-invisible elementor-widget elementor-widget-heading\" data-id=\"bd3668a\" data-element_type=\"widget\" data-e-type=\"widget\" data-settings=\"{&quot;_animation&quot;:&quot;fadeInDown&quot;}\" data-widget_type=\"heading.default\">\n\t\t\t\t<div class=\"elementor-widget-container\">\n\t\t\t\t\t<h1 class=\"elementor-heading-title elementor-size-default\">Quem somos<\/h1>\t\t\t\t<\/div>\n\t\t\t\t<\/div>\n\t\t\t\t<div class=\"elementor-element elementor-element-1a4a915 exad-sticky-section-no exad-glass-effect-no elementor-widget elementor-widget-text-editor\" data-id=\"1a4a915\" data-element_type=\"widget\" data-e-type=\"widget\" data-widget_type=\"text-editor.default\">\n\t\t\t\t<div class=\"elementor-widget-container\">\n\t\t\t\t\t\t\t\t\t<p>GIGANTE PRODUTOS M\u00c9DICOS\u00a0\u00e9 uma empresa com 30 anos de mercado no setor eletro-m\u00e9dico brasileiro. A GIGANTE \u00e9 capaz de pesquisar, conceber e desenvolver sua pr\u00f3pria tecnologia na produ\u00e7\u00e3o, distribui\u00e7\u00e3o e manuten\u00e7\u00e3o de equipamentos neonatais, oxigenioterapia, procedimentos cir\u00fargicos e obst\u00e9tricos, monitoramento e movimenta\u00e7\u00e3o segura de pacientes.\u00a0\u00a0\u00a0\u00a0\u00a0<\/p>\t\t\t\t\t\t\t\t<\/div>\n\t\t\t\t<\/div>\n\t\t\t\t<div class=\"elementor-element elementor-element-abbaf88 exad-sticky-section-no exad-glass-effect-no elementor-widget elementor-widget-text-editor\" data-id=\"abbaf88\" data-element_type=\"widget\" data-e-type=\"widget\" data-widget_type=\"text-editor.default\">\n\t\t\t\t<div class=\"elementor-widget-container\">\n\t\t\t\t\t\t\t\t\t<p>Seu permanente e ininterrupto crescimento \u00e9 estimulado pelo constante reconhecimento de sua alta qualidade por parte dos profissionais de sa\u00fade do Brasil e exterior, pois \u00e9 exatamente a partir de seus anseios, conceitos e necessidades que a GIGANTE, concebe e desenvolve sua pr\u00f3pria tecnologia orientada a preservar a vida em seu primeiro e mais fr\u00e1gil momento. O conceito de qualidade assegurada aliado ao melhor e mais moderno servi\u00e7o t\u00e9cnico posterior \u00e0 venda, \u00e9 o credo de compromisso da empresa.<\/p>\t\t\t\t\t\t\t\t<\/div>\n\t\t\t\t<\/div>\n\t\t\t\t<div class=\"elementor-element elementor-element-bb4b77c exad-sticky-section-no exad-glass-effect-no elementor-invisible elementor-widget elementor-widget-image\" data-id=\"bb4b77c\" data-element_type=\"widget\" data-e-type=\"widget\" data-settings=\"{&quot;_animation&quot;:&quot;fadeInUp&quot;}\" data-widget_type=\"image.default\">\n\t\t\t\t<div class=\"elementor-widget-container\">\n\t\t\t\t\t\t\t\t\t\t\t\t\t\t\t<img fetchpriority=\"high\" decoding=\"async\" width=\"800\" height=\"123\" src=\"https:\/\/gigante.website\/wp-content\/uploads\/2024\/01\/background-sobre-1024x158.jpg\" class=\"attachment-large size-large wp-image-2558\" alt=\"\" srcset=\"https:\/\/gigante.website\/wp-content\/uploads\/2024\/01\/background-sobre-1024x158.jpg 1024w, https:\/\/gigante.website\/wp-content\/uploads\/2024\/01\/background-sobre-300x46.jpg 300w, https:\/\/gigante.website\/wp-content\/uploads\/2024\/01\/background-sobre-768x118.jpg 768w, https:\/\/gigante.website\/wp-content\/uploads\/2024\/01\/background-sobre.jpg 1440w\" sizes=\"(max-width: 800px) 100vw, 800px\" \/>\t\t\t\t\t\t\t\t\t\t\t\t\t\t\t<\/div>\n\t\t\t\t<\/div>\n\t\t\t\t\t<\/div>\n\t\t<\/div>\n\t\t\t\t\t<\/div>\n\t\t<\/section>\n\t\t\t\t<\/div>","protected":false},"excerpt":{"rendered":"<p>Quem somos GIGANTE PRODUTOS M\u00c9DICOS\u00a0\u00e9 uma empresa com 30 anos de mercado no setor eletro-m\u00e9dico brasileiro. A GIGANTE \u00e9 capaz de pesquisar, conceber e desenvolver sua pr\u00f3pria tecnologia na produ\u00e7\u00e3o, distribui\u00e7\u00e3o e manuten\u00e7\u00e3o de equipamentos neonatais, oxigenioterapia, procedimentos cir\u00fargicos e obst\u00e9tricos, monitoramento e movimenta\u00e7\u00e3o segura de pacientes.\u00a0\u00a0\u00a0\u00a0\u00a0 Seu permanente e ininterrupto crescimento \u00e9 estimulado pelo [&hellip;]<\/p>","protected":false},"author":1,"featured_media":0,"parent":0,"menu_order":0,"comment_status":"closed","ping_status":"closed","template":"","meta":{"footnotes":""},"class_list":["post-2292","page","type-page","status-publish","hentry"],"_links":{"self":[{"href":"https:\/\/gigante.website\/es\/wp-json\/wp\/v2\/pages\/2292","targetHints":{"allow":["GET"]}}],"collection":[{"href":"https:\/\/gigante.website\/es\/wp-json\/wp\/v2\/pages"}],"about":[{"href":"https:\/\/gigante.website\/es\/wp-json\/wp\/v2\/types\/page"}],"author":[{"embeddable":true,"href":"https:\/\/gigante.website\/es\/wp-json\/wp\/v2\/users\/1"}],"replies":[{"embeddable":true,"href":"https:\/\/gigante.website\/es\/wp-json\/wp\/v2\/comments?post=2292"}],"version-history":[{"count":0,"href":"https:\/\/gigante.website\/es\/wp-json\/wp\/v2\/pages\/2292\/revisions"}],"wp:attachment":[{"href":"https:\/\/gigante.website\/es\/wp-json\/wp\/v2\/media?parent=2292"}],"curies":[{"name":"wp","href":"https:\/\/api.w.org\/{rel}","templated":true}]}}